{"id":7609,"date":"2020-05-15T12:52:40","date_gmt":"2020-05-15T09:52:40","guid":{"rendered":"https:\/\/www.uludagreklam.com\/ne-yapiyoruz\/"},"modified":"2020-06-25T20:30:58","modified_gmt":"2020-06-25T17:30:58","slug":"what-we-do","status":"publish","type":"page","link":"https:\/\/www.uludagreklam.com\/en\/what-we-do\/","title":{"rendered":"WHAT WE DO"},"content":{"rendered":"<p>[vc_row padding_top=&#8221;4%&#8221; padding_bottom=&#8221;4%&#8221;][vc_column align=&#8221;center&#8221; padding_top=&#8221;35&#8243; padding_bottom=&#8221;35&#8243; offset=&#8221;vc_col-md-offset-1 vc_col-md-10&#8243; css=&#8221;.vc_custom_1475756942892{padding-top: 30px !important;}&#8221;]<div class=\" agni-section-heading text-center ishad\" ><div class=\"animate\" data-animation=\"fadeInUp\" data-animation-offset=\"100%\" style=\"animation-duration: 1.2s; \tanimation-delay: 0.2s; \t-moz-animation-duration: 1.2s; \t-moz-animation-delay: 0.2s; \t-webkit-animation-duration: 1.2s; \t-webkit-animation-delay: 0.2s;\"><i class=\"section-heading-icon pe-7s-id\" style=\"font-size:60px; color:#ffc600\"><\/i><h6 class=\"section-sub-heading-text\" >ULUDA\u011e END\u00dcSTR\u0130YEL REKLAM<\/h6><h2 class=\"section-heading-text section-heading-text_responsive\" ><span>Industrial Manufacturer of Global Brands<\/span><\/h2><p class=\"section-additional-heading-text\" >Starting its activities in 2000, Uluda\u011f End\u00fcstriyel Reklam A.\u015e. has been providing design, project, production, logistics, and assembly services to its customers for 20 years. We produce industrial advertising solutions for corporate identity applications, digital and screen printing, street furniture, in-store applications, product display stands, giant totem and outdoor visual applications.<\/p><\/div><\/div>[vc_empty_space height=&#8221;20px&#8221; height_tab=&#8221;15&#8243; height_mobile=&#8221;5&#8243;][\/vc_column][\/vc_row][vc_row fullwidth=&#8221;has-fullwidth-column-no-padding&#8221;][vc_column padding_top=&#8221;20&#8243; padding_right=&#8221;20&#8243; padding_bottom=&#8221;20&#8243; padding_left=&#8221;20&#8243;]    <div id=\"primary-portfolio\" class=\"page-portfolio content-area shortcode-page-portfolio\">\r\n        <div id=\"main-portfolio\" class=\"page-portfolio-container container-fluid  site-main\">\r\n\r\n                        <div class=\"portfolio-container portfolio-fullwidth has-infinite-scroll\">\r\n                <div class=\"row portfolio-row ignore-thumbnail-settings\" style=\"margin: 0 -2px; margin: 0 2px; \" data-gutter=\"4\"  data-grid=\"masonry\"  data-posttype-autoplay=\"true\" data-posttype-autoplay-timeout=\"4000\" data-posttype-autoplay-speed=\"700\" data-posttype-autoplay-hover=\"true\" data-posttype-loop=\"true\" data-posttype-pagination=\"true\" data-posttype-navigation=\"false\">\r\n                    <div id=\"portfolio-post-7729\" class=\"portfolio-column portfolio-post portfolio-hover-style-2 all ne-yapiyoruz-en  width1x height1x col-xs-12 col-sm-6 col-md-4\"  style=\"margin: 2px 0; padding: 0 2px;\">\r\n                            <div class=\"portfolio-content-container\" >\r\n                                <div class=\"portfolio-thumbnail\">\r\n                                    <img width=\"1600\" height=\"1024\" src=\"https:\/\/www.uludagreklam.com\/wp-content\/uploads\/2019\/03\/uludag_reklam_ahsap_tabela-4.jpg\" class=\"attachment-post-thumbnail size-post-thumbnail wp-post-image\" alt=\"\" decoding=\"async\" loading=\"lazy\" srcset=\"https:\/\/www.uludagreklam.com\/wp-content\/uploads\/2019\/03\/uludag_reklam_ahsap_tabela-4.jpg 1600w, https:\/\/www.uludagreklam.com\/wp-content\/uploads\/2019\/03\/uludag_reklam_ahsap_tabela-4-300x192.jpg 300w, https:\/\/www.uludagreklam.com\/wp-content\/uploads\/2019\/03\/uludag_reklam_ahsap_tabela-4-768x492.jpg 768w, https:\/\/www.uludagreklam.com\/wp-content\/uploads\/2019\/03\/uludag_reklam_ahsap_tabela-4-1024x655.jpg 1024w, https:\/\/www.uludagreklam.com\/wp-content\/uploads\/2019\/03\/uludag_reklam_ahsap_tabela-4-960x614.jpg 960w\" sizes=\"(max-width: 1600px) 100vw, 1600px\" \/>                                <\/div> \r\n                                <div class=\"portfolio-caption-content\">\r\n                                    <a class=\"portfolio-content-link\" href=\"https:\/\/www.uludagreklam.com\/en\/hizmetler\/ahsap-isleme\/\" target=\"_self\"><\/a>\r\n                                    <div class=\"portfolio-content-inner\" >\r\n                                        <div class=\"portfolio-content-details\">\r\n                                            <h5 class=\"portfolio-title\"><a href=\"https:\/\/www.uludagreklam.com\/en\/hizmetler\/ahsap-isleme\/\" target=\"_self\">Wood Processing<\/a><\/h5><ul class=\"portfolio-category list-inline\"><li><a href=\"https:\/\/www.uludagreklam.com\/en\/hizmetler\/ahsap-isleme\/\" target=\"_self\">Ne Yap\u0131yoruz<\/a><\/li><\/ul>                                        <\/div>\r\n                                                                            <\/div>\r\n                                <\/div>\r\n                            <\/div>\r\n                                                    <\/div><div id=\"portfolio-post-7726\" class=\"portfolio-column portfolio-post portfolio-hover-style-2 all ne-yapiyoruz-en  width1x height1x col-xs-12 col-sm-6 col-md-4\"  style=\"margin: 2px 0; padding: 0 2px;\">\r\n                            <div class=\"portfolio-content-container\" >\r\n                                <div class=\"portfolio-thumbnail\">\r\n                                    <img width=\"1600\" height=\"1024\" src=\"https:\/\/www.uludagreklam.com\/wp-content\/uploads\/2020\/05\/uludag_reklam_konstru\u0308ksiyon_metal_20.jpg\" class=\"attachment-post-thumbnail size-post-thumbnail wp-post-image\" alt=\"\" decoding=\"async\" loading=\"lazy\" srcset=\"https:\/\/www.uludagreklam.com\/wp-content\/uploads\/2020\/05\/uludag_reklam_konstru\u0308ksiyon_metal_20.jpg 1600w, https:\/\/www.uludagreklam.com\/wp-content\/uploads\/2020\/05\/uludag_reklam_konstru\u0308ksiyon_metal_20-300x192.jpg 300w, https:\/\/www.uludagreklam.com\/wp-content\/uploads\/2020\/05\/uludag_reklam_konstru\u0308ksiyon_metal_20-768x492.jpg 768w, https:\/\/www.uludagreklam.com\/wp-content\/uploads\/2020\/05\/uludag_reklam_konstru\u0308ksiyon_metal_20-1024x655.jpg 1024w, https:\/\/www.uludagreklam.com\/wp-content\/uploads\/2020\/05\/uludag_reklam_konstru\u0308ksiyon_metal_20-960x614.jpg 960w\" sizes=\"(max-width: 1600px) 100vw, 1600px\" \/>                                <\/div> \r\n                                <div class=\"portfolio-caption-content\">\r\n                                    <a class=\"portfolio-content-link\" href=\"https:\/\/www.uludagreklam.com\/en\/hizmetler\/konstruksiyon-metal\/\" target=\"_self\"><\/a>\r\n                                    <div class=\"portfolio-content-inner\" >\r\n                                        <div class=\"portfolio-content-details\">\r\n                                            <h5 class=\"portfolio-title\"><a href=\"https:\/\/www.uludagreklam.com\/en\/hizmetler\/konstruksiyon-metal\/\" target=\"_self\">Construction \/ Metal<\/a><\/h5><ul class=\"portfolio-category list-inline\"><li><a href=\"https:\/\/www.uludagreklam.com\/en\/hizmetler\/konstruksiyon-metal\/\" target=\"_self\">Ne Yap\u0131yoruz<\/a><\/li><\/ul>                                        <\/div>\r\n                                                                            <\/div>\r\n                                <\/div>\r\n                            <\/div>\r\n                                                    <\/div><div id=\"portfolio-post-7723\" class=\"portfolio-column portfolio-post portfolio-hover-style-2 all ne-yapiyoruz-en  width1x height1x col-xs-12 col-sm-6 col-md-4\"  style=\"margin: 2px 0; padding: 0 2px;\">\r\n                            <div class=\"portfolio-content-container\" >\r\n                                <div class=\"portfolio-thumbnail\">\r\n                                    <img width=\"1600\" height=\"1024\" src=\"https:\/\/www.uludagreklam.com\/wp-content\/uploads\/2020\/05\/Dijital-Baski-10.jpg\" class=\"attachment-post-thumbnail size-post-thumbnail wp-post-image\" alt=\"\" decoding=\"async\" loading=\"lazy\" srcset=\"https:\/\/www.uludagreklam.com\/wp-content\/uploads\/2020\/05\/Dijital-Baski-10.jpg 1600w, https:\/\/www.uludagreklam.com\/wp-content\/uploads\/2020\/05\/Dijital-Baski-10-300x192.jpg 300w, https:\/\/www.uludagreklam.com\/wp-content\/uploads\/2020\/05\/Dijital-Baski-10-768x492.jpg 768w, https:\/\/www.uludagreklam.com\/wp-content\/uploads\/2020\/05\/Dijital-Baski-10-1024x655.jpg 1024w, https:\/\/www.uludagreklam.com\/wp-content\/uploads\/2020\/05\/Dijital-Baski-10-960x614.jpg 960w\" sizes=\"(max-width: 1600px) 100vw, 1600px\" \/>                                <\/div> \r\n                                <div class=\"portfolio-caption-content\">\r\n                                    <a class=\"portfolio-content-link\" href=\"https:\/\/www.uludagreklam.com\/en\/hizmetler\/dijital-baski\/\" target=\"_self\"><\/a>\r\n                                    <div class=\"portfolio-content-inner\" >\r\n                                        <div class=\"portfolio-content-details\">\r\n                                            <h5 class=\"portfolio-title\"><a href=\"https:\/\/www.uludagreklam.com\/en\/hizmetler\/dijital-baski\/\" target=\"_self\">Digital Printing<\/a><\/h5><ul class=\"portfolio-category list-inline\"><li><a href=\"https:\/\/www.uludagreklam.com\/en\/hizmetler\/dijital-baski\/\" target=\"_self\">Ne Yap\u0131yoruz<\/a><\/li><\/ul>                                        <\/div>\r\n                                                                            <\/div>\r\n                                <\/div>\r\n                            <\/div>\r\n                                                    <\/div><div id=\"portfolio-post-7720\" class=\"portfolio-column portfolio-post portfolio-hover-style-2 all ne-yapiyoruz-en  width1x height1x col-xs-12 col-sm-6 col-md-4\"  style=\"margin: 2px 0; padding: 0 2px;\">\r\n                            <div class=\"portfolio-content-container\" >\r\n                                <div class=\"portfolio-thumbnail\">\r\n                                    <img width=\"1600\" height=\"1024\" src=\"https:\/\/www.uludagreklam.com\/wp-content\/uploads\/2020\/05\/uludag_reklam_akrilik_led-teknolojisi_7.jpg\" class=\"attachment-post-thumbnail size-post-thumbnail wp-post-image\" alt=\"\" decoding=\"async\" loading=\"lazy\" srcset=\"https:\/\/www.uludagreklam.com\/wp-content\/uploads\/2020\/05\/uludag_reklam_akrilik_led-teknolojisi_7.jpg 1600w, https:\/\/www.uludagreklam.com\/wp-content\/uploads\/2020\/05\/uludag_reklam_akrilik_led-teknolojisi_7-300x192.jpg 300w, https:\/\/www.uludagreklam.com\/wp-content\/uploads\/2020\/05\/uludag_reklam_akrilik_led-teknolojisi_7-768x492.jpg 768w, https:\/\/www.uludagreklam.com\/wp-content\/uploads\/2020\/05\/uludag_reklam_akrilik_led-teknolojisi_7-1024x655.jpg 1024w, https:\/\/www.uludagreklam.com\/wp-content\/uploads\/2020\/05\/uludag_reklam_akrilik_led-teknolojisi_7-960x614.jpg 960w\" sizes=\"(max-width: 1600px) 100vw, 1600px\" \/>                                <\/div> \r\n                                <div class=\"portfolio-caption-content\">\r\n                                    <a class=\"portfolio-content-link\" href=\"https:\/\/www.uludagreklam.com\/en\/hizmetler\/akrilik-led-teknolojisi\/\" target=\"_self\"><\/a>\r\n                                    <div class=\"portfolio-content-inner\" >\r\n                                        <div class=\"portfolio-content-details\">\r\n                                            <h5 class=\"portfolio-title\"><a href=\"https:\/\/www.uludagreklam.com\/en\/hizmetler\/akrilik-led-teknolojisi\/\" target=\"_self\">Acrylic &#038; Led Technology<\/a><\/h5><ul class=\"portfolio-category list-inline\"><li><a href=\"https:\/\/www.uludagreklam.com\/en\/hizmetler\/akrilik-led-teknolojisi\/\" target=\"_self\">Ne Yap\u0131yoruz<\/a><\/li><\/ul>                                        <\/div>\r\n                                                                            <\/div>\r\n                                <\/div>\r\n                            <\/div>\r\n                                                    <\/div><div id=\"portfolio-post-7717\" class=\"portfolio-column portfolio-post portfolio-hover-style-2 all ne-yapiyoruz-en  width1x height1x col-xs-12 col-sm-6 col-md-4\"  style=\"margin: 2px 0; padding: 0 2px;\">\r\n                            <div class=\"portfolio-content-container\" >\r\n                                <div class=\"portfolio-thumbnail\">\r\n                                    <img width=\"1600\" height=\"1024\" src=\"https:\/\/www.uludagreklam.com\/wp-content\/uploads\/2020\/05\/Tabela-Montaj-Bakim-12.jpg\" class=\"attachment-post-thumbnail size-post-thumbnail wp-post-image\" alt=\"\" decoding=\"async\" loading=\"lazy\" srcset=\"https:\/\/www.uludagreklam.com\/wp-content\/uploads\/2020\/05\/Tabela-Montaj-Bakim-12.jpg 1600w, https:\/\/www.uludagreklam.com\/wp-content\/uploads\/2020\/05\/Tabela-Montaj-Bakim-12-300x192.jpg 300w, https:\/\/www.uludagreklam.com\/wp-content\/uploads\/2020\/05\/Tabela-Montaj-Bakim-12-768x492.jpg 768w, https:\/\/www.uludagreklam.com\/wp-content\/uploads\/2020\/05\/Tabela-Montaj-Bakim-12-1024x655.jpg 1024w, https:\/\/www.uludagreklam.com\/wp-content\/uploads\/2020\/05\/Tabela-Montaj-Bakim-12-960x614.jpg 960w\" sizes=\"(max-width: 1600px) 100vw, 1600px\" \/>                                <\/div> \r\n                                <div class=\"portfolio-caption-content\">\r\n                                    <a class=\"portfolio-content-link\" href=\"https:\/\/www.uludagreklam.com\/en\/hizmetler\/montaj-bakim\/\" target=\"_self\"><\/a>\r\n                                    <div class=\"portfolio-content-inner\" >\r\n                                        <div class=\"portfolio-content-details\">\r\n                                            <h5 class=\"portfolio-title\"><a href=\"https:\/\/www.uludagreklam.com\/en\/hizmetler\/montaj-bakim\/\" target=\"_self\">Installation &#038; Maintenance<\/a><\/h5><ul class=\"portfolio-category list-inline\"><li><a href=\"https:\/\/www.uludagreklam.com\/en\/hizmetler\/montaj-bakim\/\" target=\"_self\">Ne Yap\u0131yoruz<\/a><\/li><\/ul>                                        <\/div>\r\n                                                                            <\/div>\r\n                                <\/div>\r\n                            <\/div>\r\n                                                    <\/div>                        <div class=\"grid-sizer col-xs-12 col-sm-6 col-md-4\"><\/div>\r\n                                    <\/div>\r\n                <div class=\"load-more\" data-msg-text=\"Loading\" data-finished-text=\"No More Items\"><\/div><div class=\"portfolio-number-navigation page-number-navigation navigation text-center\"><\/div>            <\/div>\r\n        <\/div><!-- #main -->\r\n    <\/div><!-- #primary --> \r\n[\/vc_column][\/vc_row][vc_row padding_top=&#8221;3%&#8221; padding_bottom=&#8221;3%&#8221; el_id=&#8221;our_clients-3&#8243; el_class=&#8221;our_clients-3&#8243;][vc_column padding_top=&#8221;20px&#8221; padding_bottom=&#8221;3%&#8221; el_id=&#8221;our_clients-3&#8243; el_class=&#8221;our_clients-3&#8243; offset=&#8221;vc_col-md-offset-3 vc_col-md-6&#8243;][vc_custom_heading text=&#8221;WORKING WITH YOU WAS ENJOYABLE, THANK YOU&#8221; font_container=&#8221;tag:h6|text_align:center&#8221; use_theme_fonts=&#8221;yes&#8221;][\/vc_column][vc_column padding_bottom=&#8221;20&#8243; offset=&#8221;vc_col-md-offset-1 vc_col-md-10 vc_col-xs-12&#8243;]<div class=\"agni-clients carousel-clients\" data-clients-gutter=\"30\" data-clients-autoplay=\"true\" data-clients-autoplay-timeout=\"2000\" data-clients-autoplay-hover=\"true\" data-clients-loop=\"true\" data-clients-pagination=\"false\" data-client-0=\"1\" data-client-768=\"3\" data-client-992=\"4\" data-client-1200=\"4\" ><div id=\"post-7674\" class=\"client-column  post-7674 clients type-clients status-publish hentry client_types-markalar-eng  \" style=\"\" >\r\n                    <div class=\"client \" style=\"padding: 25px; \">\r\n                        <img width=\"176\" height=\"104\" src=\"https:\/\/www.uludagreklam.com\/wp-content\/uploads\/2019\/02\/workinton.png\" class=\"attachment-full size-full\" alt=\"\" decoding=\"async\" loading=\"lazy\" style=\"opacity: \" \/>\r\n                    <\/div>\r\n                <\/div><div id=\"post-7677\" class=\"client-column  post-7677 clients type-clients status-publish hentry client_types-markalar-eng  \" style=\"\" >\r\n                    <div class=\"client \" style=\"padding: 25px; \">\r\n                        <img width=\"176\" height=\"104\" src=\"https:\/\/www.uludagreklam.com\/wp-content\/uploads\/2019\/02\/uludag.png\" class=\"attachment-full size-full\" alt=\"\" decoding=\"async\" loading=\"lazy\" style=\"opacity: \" \/>\r\n                    <\/div>\r\n                <\/div><div id=\"post-7678\" class=\"client-column  post-7678 clients type-clients status-publish hentry client_types-markalar-eng  \" style=\"\" >\r\n                    <div class=\"client \" style=\"padding: 25px; \">\r\n                        <img width=\"176\" height=\"104\" src=\"https:\/\/www.uludagreklam.com\/wp-content\/uploads\/2019\/02\/trcell.png\" class=\"attachment-full size-full\" alt=\"\" decoding=\"async\" loading=\"lazy\" style=\"opacity: \" \/>\r\n                    <\/div>\r\n                <\/div><div id=\"post-7679\" class=\"client-column  post-7679 clients type-clients status-publish hentry client_types-markalar-eng  \" style=\"\" >\r\n                    <div class=\"client \" style=\"padding: 25px; \">\r\n                        <img width=\"176\" height=\"104\" src=\"https:\/\/www.uludagreklam.com\/wp-content\/uploads\/2019\/02\/torunlar.png\" class=\"attachment-full size-full\" alt=\"\" decoding=\"async\" loading=\"lazy\" style=\"opacity: \" \/>\r\n                    <\/div>\r\n                <\/div><div id=\"post-7680\" class=\"client-column  post-7680 clients type-clients status-publish hentry client_types-markalar-eng  \" style=\"\" >\r\n                    <div class=\"client \" style=\"padding: 25px; \">\r\n                        <img width=\"176\" height=\"104\" src=\"https:\/\/www.uludagreklam.com\/wp-content\/uploads\/2019\/02\/trfinans.png\" class=\"attachment-full size-full\" alt=\"\" decoding=\"async\" loading=\"lazy\" style=\"opacity: \" \/>\r\n                    <\/div>\r\n                <\/div><div id=\"post-7681\" class=\"client-column  post-7681 clients type-clients status-publish hentry client_types-markalar-eng  \" style=\"\" >\r\n                    <div class=\"client \" style=\"padding: 25px; \">\r\n                        <img width=\"176\" height=\"104\" src=\"https:\/\/www.uludagreklam.com\/wp-content\/uploads\/2019\/02\/sarar.png\" class=\"attachment-full size-full\" alt=\"\" decoding=\"async\" loading=\"lazy\" style=\"opacity: \" \/>\r\n                    <\/div>\r\n                <\/div><div id=\"post-7682\" class=\"client-column  post-7682 clients type-clients status-publish hentry client_types-markalar-eng  \" style=\"\" >\r\n                    <div class=\"client \" style=\"padding: 25px; \">\r\n                        <img width=\"176\" height=\"104\" src=\"https:\/\/www.uludagreklam.com\/wp-content\/uploads\/2019\/02\/samsung.png\" class=\"attachment-full size-full\" alt=\"\" decoding=\"async\" loading=\"lazy\" style=\"opacity: \" \/>\r\n                    <\/div>\r\n                <\/div><div id=\"post-7683\" class=\"client-column  post-7683 clients type-clients status-publish hentry client_types-markalar-eng  \" style=\"\" >\r\n                    <div class=\"client \" style=\"padding: 25px; \">\r\n                        <img width=\"176\" height=\"104\" src=\"https:\/\/www.uludagreklam.com\/wp-content\/uploads\/2019\/02\/mmarkt.png\" class=\"attachment-full size-full\" alt=\"\" decoding=\"async\" loading=\"lazy\" style=\"opacity: \" \/>\r\n                    <\/div>\r\n                <\/div><div id=\"post-7684\" class=\"client-column  post-7684 clients type-clients status-publish hentry client_types-markalar-eng  \" style=\"\" >\r\n                    <div class=\"client \" style=\"padding: 25px; \">\r\n                        <img width=\"176\" height=\"104\" src=\"https:\/\/www.uludagreklam.com\/wp-content\/uploads\/2019\/02\/nestle.png\" class=\"attachment-full size-full\" alt=\"\" decoding=\"async\" loading=\"lazy\" style=\"opacity: \" \/>\r\n                    <\/div>\r\n                <\/div><div id=\"post-7685\" class=\"client-column  post-7685 clients type-clients status-publish hentry client_types-markalar-eng  \" style=\"\" >\r\n                    <div class=\"client \" style=\"padding: 25px; \">\r\n                        <img width=\"176\" height=\"104\" src=\"https:\/\/www.uludagreklam.com\/wp-content\/uploads\/2019\/02\/kamil.png\" class=\"attachment-full size-full\" alt=\"\" decoding=\"async\" loading=\"lazy\" style=\"opacity: \" \/>\r\n                    <\/div>\r\n                <\/div><div id=\"post-7686\" class=\"client-column  post-7686 clients type-clients status-publish hentry client_types-markalar-eng  \" style=\"\" >\r\n                    <div class=\"client \" style=\"padding: 25px; \">\r\n                        <img width=\"176\" height=\"104\" src=\"https:\/\/www.uludagreklam.com\/wp-content\/uploads\/2019\/02\/nescafe.png\" class=\"attachment-full size-full\" alt=\"\" decoding=\"async\" loading=\"lazy\" style=\"opacity: \" \/>\r\n                    <\/div>\r\n                <\/div><div id=\"post-7687\" class=\"client-column  post-7687 clients type-clients status-publish hentry client_types-markalar-eng  \" style=\"\" >\r\n                    <div class=\"client \" style=\"padding: 25px; \">\r\n                        <img width=\"176\" height=\"104\" src=\"https:\/\/www.uludagreklam.com\/wp-content\/uploads\/2019\/02\/ilbak.png\" class=\"attachment-full size-full\" alt=\"\" decoding=\"async\" loading=\"lazy\" style=\"opacity: \" \/>\r\n                    <\/div>\r\n                <\/div><div id=\"post-7688\" class=\"client-column  post-7688 clients type-clients status-publish hentry client_types-markalar-eng  \" style=\"\" >\r\n                    <div class=\"client \" style=\"padding: 25px; \">\r\n                        <img width=\"176\" height=\"104\" src=\"https:\/\/www.uludagreklam.com\/wp-content\/uploads\/2019\/02\/grunding.png\" class=\"attachment-full size-full\" alt=\"\" decoding=\"async\" loading=\"lazy\" style=\"opacity: \" \/>\r\n                    <\/div>\r\n                <\/div><\/div>[\/vc_column][\/vc_row][vc_row bg_color=&#8221;rgba(246,246,246,0.73)&#8221;][vc_column][vc_empty_space height=&#8221;100px&#8221;][vc_column_text]<\/p>\n<div class=\"agni_custom_heading page-scroll\">\n<div class=\"agni_custom_heading page-scroll\">\n<h3 style=\"text-align: center;\"><strong>Subscribe to Updates!<\/strong><\/h3>\n<\/div>\n<div class=\"agni_text_column agni-text-block \">\n<p style=\"text-align: center;\">Stay informed of our products and services.<\/p>\n<\/div>\n<\/div>\n<p>[\/vc_column_text]<div role=\"form\" class=\"wpcf7\" id=\"wpcf7-f7690-o1\" lang=\"tr-TR\" dir=\"ltr\">\n<div class=\"screen-reader-response\" aria-live=\"polite\"><\/div>\n<form action=\"\/en\/wp-json\/wp\/v2\/pages\/7609#wpcf7-f7690-o1\" method=\"post\" class=\"wpcf7-form\" novalidate=\"novalidate\">\n<div style=\"display: none;\">\n<input type=\"hidden\" name=\"_wpcf7\" value=\"7690\" \/>\n<input type=\"hidden\" name=\"_wpcf7_version\" value=\"5.1.9\" \/>\n<input type=\"hidden\" name=\"_wpcf7_locale\" value=\"tr_TR\" \/>\n<input type=\"hidden\" name=\"_wpcf7_unit_tag\" value=\"wpcf7-f7690-o1\" \/>\n<input type=\"hidden\" name=\"_wpcf7_container_post\" value=\"0\" \/>\n<\/div>\n<div class=\"row milton-contact-form-style-4 has-border-radius\">\n<div class=\"vc_col-sm-3\" style=\"margin-bottom:10px; width:363px; align:center;\">\n    <span class=\"wpcf7-form-control-wrap your-name\"><input type=\"text\" name=\"your-name\" value=\"\" size=\"40\" class=\"wpcf7-form-control wpcf7-text wpcf7-validates-as-required\" aria-required=\"true\" aria-invalid=\"false\" placeholder=\"Your Name*\" \/><\/span>\n<\/div>\n<div class=\"vc_col-sm-3\" style=\"margin-bottom:10px; width:363px; align:center;\">\n    <span class=\"wpcf7-form-control-wrap your-email\"><input type=\"email\" name=\"your-email\" value=\"\" size=\"40\" class=\"wpcf7-form-control wpcf7-text wpcf7-email wpcf7-validates-as-required wpcf7-validates-as-email\" aria-required=\"true\" aria-invalid=\"false\" placeholder=\"Your E-Mail*\" \/><\/span>\n<\/div>\n<div class=\"vc_col-sm-3\" style=\"margin-bottom:10px;\">\n    <input type=\"submit\" value=\"SUBSCRIBE NOW!\" class=\"wpcf7-form-control wpcf7-submit btn-accent\" \/>\n<\/div>\n<\/div>\n<div class=\"wpcf7-response-output wpcf7-display-none\" aria-hidden=\"true\"><\/div><\/form><\/div>[vc_empty_space height=&#8221;100px&#8221;][\/vc_column][\/vc_row]<\/p>\n","protected":false},"excerpt":{"rendered":"<p>[vc_row padding_top=&#8221;4%&#8221; padding_bottom=&#8221;4%&#8221;][vc_column align=&#8221;center&#8221; padding_top=&#8221;35&#8243; padding_bottom=&#8221;35&#8243; offset=&#8221;vc_col-md-offset-1 vc_col-md-10&#8243; css=&#8221;.vc_custom_1475756942892{padding-top: 30px !important;}&#8221;][vc_empty_space height=&#8221;20px&#8221; height_tab=&#8221;15&#8243; height_mobile=&#8221;5&#8243;][\/vc_column][\/vc_row][vc_row fullwidth=&#8221;has-fullwidth-column-no-padding&#8221;][vc_column padding_top=&#8221;20&#8243; padding_right=&#8221;20&#8243; padding_bottom=&#8221;20&#8243; padding_left=&#8221;20&#8243;][\/vc_column][\/vc_row][vc_row padding_top=&#8221;3%&#8221; padding_bottom=&#8221;3%&#8221; el_id=&#8221;our_clients-3&#8243; el_class=&#8221;our_clients-3&#8243;][vc_column padding_top=&#8221;20px&#8221; padding_bottom=&#8221;3%&#8221; el_id=&#8221;our_clients-3&#8243; el_class=&#8221;our_clients-3&#8243; offset=&#8221;vc_col-md-offset-3 vc_col-md-6&#8243;][vc_custom_heading text=&#8221;WORKING WITH YOU WAS ENJOYABLE, THANK YOU&#8221; font_container=&#8221;tag:h6|text_align:center&#8221; use_theme_fonts=&#8221;yes&#8221;][\/vc_column][vc_column padding_bottom=&#8221;20&#8243; offset=&#8221;vc_col-md-offset-1 vc_col-md-10 vc_col-xs-12&#8243;][\/vc_column][\/vc_row][vc_row bg_color=&#8221;rgba(246,246,246,0.73)&#8221;][vc_column][vc_empty_space height=&#8221;100px&#8221;][vc_column_text] Subscribe to Updates! Stay informed of our products and services. [\/vc_column_text][vc_empty_space [&hellip;]<\/p>\n","protected":false},"author":1,"featured_media":0,"parent":0,"menu_order":0,"comment_status":"closed","ping_status":"closed","template":"","meta":[],"_links":{"self":[{"href":"https:\/\/www.uludagreklam.com\/en\/wp-json\/wp\/v2\/pages\/7609"}],"collection":[{"href":"https:\/\/www.uludagreklam.com\/en\/wp-json\/wp\/v2\/pages"}],"about":[{"href":"https:\/\/www.uludagreklam.com\/en\/wp-json\/wp\/v2\/types\/page"}],"author":[{"embeddable":true,"href":"https:\/\/www.uludagreklam.com\/en\/wp-json\/wp\/v2\/users\/1"}],"replies":[{"embeddable":true,"href":"https:\/\/www.uludagreklam.com\/en\/wp-json\/wp\/v2\/comments?post=7609"}],"version-history":[{"count":11,"href":"https:\/\/www.uludagreklam.com\/en\/wp-json\/wp\/v2\/pages\/7609\/revisions"}],"predecessor-version":[{"id":7716,"href":"https:\/\/www.uludagreklam.com\/en\/wp-json\/wp\/v2\/pages\/7609\/revisions\/7716"}],"wp:attachment":[{"href":"https:\/\/www.uludagreklam.com\/en\/wp-json\/wp\/v2\/media?parent=7609"}],"curies":[{"name":"wp","href":"https:\/\/api.w.org\/{rel}","templated":true}]}}